{"id":485,"date":"2021-02-02T15:09:40","date_gmt":"2021-02-02T14:09:40","guid":{"rendered":"http:\/\/www.sc-equestre.fr\/lagence\/"},"modified":"2021-10-12T15:08:49","modified_gmt":"2021-10-12T13:08:49","slug":"the-agency-immobiliere-equestre","status":"publish","type":"page","link":"https:\/\/www.sc-equestre.fr\/en\/the-agency-immobiliere-equestre\/","title":{"rendered":"The agency"},"content":{"rendered":"","protected":false},"excerpt":{"rendered":"","protected":false},"author":2,"featured_media":0,"parent":0,"menu_order":18,"comment_status":"closed","ping_status":"closed","template":"template-agence.php","meta":{"_acf_changed":false,"footnotes":""},"class_list":["post-485","page","type-page","status-publish","hentry"],"acf":[],"yoast_head":"<!-- This site is optimized with the Yoast SEO plugin v26.8 - https:\/\/yoast.com\/product\/yoast-seo-wordpress\/ -->\n<title>D\u00e9couvrez les valeurs de SC Immobilier Equestre en Nouvelle Aquitaine<\/title>\n<meta name=\"description\" content=\"Dot\u00e9e d\u2019un r\u00e9seau de partenaires efficaces et d\u2019une connaissance pr\u00e9cise du territoire aquitain, SC immobilier \u00e9questre accompagne votre projet \u00e9questre\" \/>\n<meta name=\"robots\" content=\"index, follow, max-snippet:-1, max-image-preview:large, max-video-preview:-1\" \/>\n<link rel=\"canonical\" href=\"https:\/\/www.sc-equestre.fr\/l-agence-immobiliere-equestre\/\" \/>\n<meta property=\"og:locale\" content=\"en_US\" \/>\n<meta property=\"og:type\" content=\"article\" \/>\n<meta property=\"og:title\" content=\"D\u00e9couvrez les valeurs de SC Immobilier Equestre en Nouvelle Aquitaine\" \/>\n<meta property=\"og:description\" content=\"Dot\u00e9e d\u2019un r\u00e9seau de partenaires efficaces et d\u2019une connaissance pr\u00e9cise du territoire aquitain, SC immobilier \u00e9questre accompagne votre projet \u00e9questre\" \/>\n<meta property=\"og:url\" content=\"https:\/\/www.sc-equestre.fr\/l-agence-immobiliere-equestre\/\" \/>\n<meta property=\"og:site_name\" content=\"SC Immobilier Equestre\" \/>\n<meta property=\"article:modified_time\" content=\"2021-10-12T13:08:49+00:00\" \/>\n<meta name=\"twitter:card\" content=\"summary_large_image\" \/>\n<script type=\"application\/ld+json\" class=\"yoast-schema-graph\">{\"@context\":\"https:\/\/schema.org\",\"@graph\":[{\"@type\":\"WebPage\",\"@id\":\"https:\/\/www.sc-equestre.fr\/l-agence-immobiliere-equestre\/\",\"url\":\"https:\/\/www.sc-equestre.fr\/l-agence-immobiliere-equestre\/\",\"name\":\"D\u00e9couvrez les valeurs de SC Immobilier Equestre en Nouvelle Aquitaine\",\"isPartOf\":{\"@id\":\"https:\/\/www.sc-equestre.fr\/#website\"},\"datePublished\":\"2021-02-02T14:09:40+00:00\",\"dateModified\":\"2021-10-12T13:08:49+00:00\",\"description\":\"Dot\u00e9e d\u2019un r\u00e9seau de partenaires efficaces et d\u2019une connaissance pr\u00e9cise du territoire aquitain, SC immobilier \u00e9questre accompagne votre projet \u00e9questre\",\"inLanguage\":\"en-US\",\"potentialAction\":[{\"@type\":\"ReadAction\",\"target\":[\"https:\/\/www.sc-equestre.fr\/l-agence-immobiliere-equestre\/\"]}]},{\"@type\":\"WebSite\",\"@id\":\"https:\/\/www.sc-equestre.fr\/#website\",\"url\":\"https:\/\/www.sc-equestre.fr\/\",\"name\":\"SC Immobilier Equestre\",\"description\":\"\",\"potentialAction\":[{\"@type\":\"SearchAction\",\"target\":{\"@type\":\"EntryPoint\",\"urlTemplate\":\"https:\/\/www.sc-equestre.fr\/?s={search_term_string}\"},\"query-input\":{\"@type\":\"PropertyValueSpecification\",\"valueRequired\":true,\"valueName\":\"search_term_string\"}}],\"inLanguage\":\"en-US\"}]}<\/script>\n<!-- \/ Yoast SEO plugin. -->","yoast_head_json":{"title":"D\u00e9couvrez les valeurs de SC Immobilier Equestre en Nouvelle Aquitaine","description":"Dot\u00e9e d\u2019un r\u00e9seau de partenaires efficaces et d\u2019une connaissance pr\u00e9cise du territoire aquitain, SC immobilier \u00e9questre accompagne votre projet \u00e9questre","robots":{"index":"index","follow":"follow","max-snippet":"max-snippet:-1","max-image-preview":"max-image-preview:large","max-video-preview":"max-video-preview:-1"},"canonical":"https:\/\/www.sc-equestre.fr\/l-agence-immobiliere-equestre\/","og_locale":"en_US","og_type":"article","og_title":"D\u00e9couvrez les valeurs de SC Immobilier Equestre en Nouvelle Aquitaine","og_description":"Dot\u00e9e d\u2019un r\u00e9seau de partenaires efficaces et d\u2019une connaissance pr\u00e9cise du territoire aquitain, SC immobilier \u00e9questre accompagne votre projet \u00e9questre","og_url":"https:\/\/www.sc-equestre.fr\/l-agence-immobiliere-equestre\/","og_site_name":"SC Immobilier Equestre","article_modified_time":"2021-10-12T13:08:49+00:00","twitter_card":"summary_large_image","schema":{"@context":"https:\/\/schema.org","@graph":[{"@type":"WebPage","@id":"https:\/\/www.sc-equestre.fr\/l-agence-immobiliere-equestre\/","url":"https:\/\/www.sc-equestre.fr\/l-agence-immobiliere-equestre\/","name":"D\u00e9couvrez les valeurs de SC Immobilier Equestre en Nouvelle Aquitaine","isPartOf":{"@id":"https:\/\/www.sc-equestre.fr\/#website"},"datePublished":"2021-02-02T14:09:40+00:00","dateModified":"2021-10-12T13:08:49+00:00","description":"Dot\u00e9e d\u2019un r\u00e9seau de partenaires efficaces et d\u2019une connaissance pr\u00e9cise du territoire aquitain, SC immobilier \u00e9questre accompagne votre projet \u00e9questre","inLanguage":"en-US","potentialAction":[{"@type":"ReadAction","target":["https:\/\/www.sc-equestre.fr\/l-agence-immobiliere-equestre\/"]}]},{"@type":"WebSite","@id":"https:\/\/www.sc-equestre.fr\/#website","url":"https:\/\/www.sc-equestre.fr\/","name":"SC Immobilier Equestre","description":"","potentialAction":[{"@type":"SearchAction","target":{"@type":"EntryPoint","urlTemplate":"https:\/\/www.sc-equestre.fr\/?s={search_term_string}"},"query-input":{"@type":"PropertyValueSpecification","valueRequired":true,"valueName":"search_term_string"}}],"inLanguage":"en-US"}]}},"_links":{"self":[{"href":"https:\/\/www.sc-equestre.fr\/en\/wp-json\/wp\/v2\/pages\/485","targetHints":{"allow":["GET"]}}],"collection":[{"href":"https:\/\/www.sc-equestre.fr\/en\/wp-json\/wp\/v2\/pages"}],"about":[{"href":"https:\/\/www.sc-equestre.fr\/en\/wp-json\/wp\/v2\/types\/page"}],"author":[{"embeddable":true,"href":"https:\/\/www.sc-equestre.fr\/en\/wp-json\/wp\/v2\/users\/2"}],"replies":[{"embeddable":true,"href":"https:\/\/www.sc-equestre.fr\/en\/wp-json\/wp\/v2\/comments?post=485"}],"version-history":[{"count":32,"href":"https:\/\/www.sc-equestre.fr\/en\/wp-json\/wp\/v2\/pages\/485\/revisions"}],"predecessor-version":[{"id":8668,"href":"https:\/\/www.sc-equestre.fr\/en\/wp-json\/wp\/v2\/pages\/485\/revisions\/8668"}],"wp:attachment":[{"href":"https:\/\/www.sc-equestre.fr\/en\/wp-json\/wp\/v2\/media?parent=485"}],"curies":[{"name":"wp","href":"https:\/\/api.w.org\/{rel}","templated":true}]}}