{"id":5885,"date":"2021-02-02T11:14:55","date_gmt":"2021-02-02T10:14:55","guid":{"rendered":"http:\/\/www.sc-equestre.fr\/contact\/"},"modified":"2021-10-12T15:18:45","modified_gmt":"2021-10-12T13:18:45","slug":"contact-sc-immobilier-equestre","status":"publish","type":"page","link":"https:\/\/www.sc-equestre.fr\/en\/contact-sc-immobilier-equestre\/","title":{"rendered":"Contact"},"content":{"rendered":"","protected":false},"excerpt":{"rendered":"","protected":false},"author":2,"featured_media":0,"parent":0,"menu_order":13,"comment_status":"closed","ping_status":"closed","template":"template-contact.php","meta":{"_acf_changed":false,"footnotes":""},"class_list":["post-5885","page","type-page","status-publish","hentry"],"acf":[],"yoast_head":"<!-- This site is optimized with the Yoast SEO plugin v26.8 - https:\/\/yoast.com\/product\/yoast-seo-wordpress\/ -->\n<title>Contact et demande d&#039;informations SC Immobilier Equestre<\/title>\n<meta name=\"description\" content=\"D\u00e9couvrez les coordonn\u00e9es de SC Immobilier Equestre. N&#039;h\u00e9sitez pas \u00e0 nous faire part de votre projet d&#039;achat ou de vente d&#039;un bien \u00e9questre.\" \/>\n<meta name=\"robots\" content=\"index, follow, max-snippet:-1, max-image-preview:large, max-video-preview:-1\" \/>\n<link rel=\"canonical\" href=\"https:\/\/www.sc-equestre.fr\/demande-d-informations-sc-immobilier-equestre\/\" \/>\n<meta property=\"og:locale\" content=\"en_US\" \/>\n<meta property=\"og:type\" content=\"article\" \/>\n<meta property=\"og:title\" content=\"Contact et demande d&#039;informations SC Immobilier Equestre\" \/>\n<meta property=\"og:description\" content=\"D\u00e9couvrez les coordonn\u00e9es de SC Immobilier Equestre. N&#039;h\u00e9sitez pas \u00e0 nous faire part de votre projet d&#039;achat ou de vente d&#039;un bien \u00e9questre.\" \/>\n<meta property=\"og:url\" content=\"https:\/\/www.sc-equestre.fr\/demande-d-informations-sc-immobilier-equestre\/\" \/>\n<meta property=\"og:site_name\" content=\"SC Immobilier Equestre\" \/>\n<meta property=\"article:modified_time\" content=\"2021-10-12T13:18:45+00:00\" \/>\n<meta name=\"twitter:card\" content=\"summary_large_image\" \/>\n<script type=\"application\/ld+json\" class=\"yoast-schema-graph\">{\"@context\":\"https:\/\/schema.org\",\"@graph\":[{\"@type\":\"WebPage\",\"@id\":\"https:\/\/www.sc-equestre.fr\/demande-d-informations-sc-immobilier-equestre\/\",\"url\":\"https:\/\/www.sc-equestre.fr\/demande-d-informations-sc-immobilier-equestre\/\",\"name\":\"Contact et demande d'informations SC Immobilier Equestre\",\"isPartOf\":{\"@id\":\"https:\/\/www.sc-equestre.fr\/#website\"},\"datePublished\":\"2021-02-02T10:14:55+00:00\",\"dateModified\":\"2021-10-12T13:18:45+00:00\",\"description\":\"D\u00e9couvrez les coordonn\u00e9es de SC Immobilier Equestre. N'h\u00e9sitez pas \u00e0 nous faire part de votre projet d'achat ou de vente d'un bien \u00e9questre.\",\"inLanguage\":\"en-US\",\"potentialAction\":[{\"@type\":\"ReadAction\",\"target\":[\"https:\/\/www.sc-equestre.fr\/demande-d-informations-sc-immobilier-equestre\/\"]}]},{\"@type\":\"WebSite\",\"@id\":\"https:\/\/www.sc-equestre.fr\/#website\",\"url\":\"https:\/\/www.sc-equestre.fr\/\",\"name\":\"SC Immobilier Equestre\",\"description\":\"\",\"potentialAction\":[{\"@type\":\"SearchAction\",\"target\":{\"@type\":\"EntryPoint\",\"urlTemplate\":\"https:\/\/www.sc-equestre.fr\/?s={search_term_string}\"},\"query-input\":{\"@type\":\"PropertyValueSpecification\",\"valueRequired\":true,\"valueName\":\"search_term_string\"}}],\"inLanguage\":\"en-US\"}]}<\/script>\n<!-- \/ Yoast SEO plugin. -->","yoast_head_json":{"title":"Contact et demande d'informations SC Immobilier Equestre","description":"D\u00e9couvrez les coordonn\u00e9es de SC Immobilier Equestre. N'h\u00e9sitez pas \u00e0 nous faire part de votre projet d'achat ou de vente d'un bien \u00e9questre.","robots":{"index":"index","follow":"follow","max-snippet":"max-snippet:-1","max-image-preview":"max-image-preview:large","max-video-preview":"max-video-preview:-1"},"canonical":"https:\/\/www.sc-equestre.fr\/demande-d-informations-sc-immobilier-equestre\/","og_locale":"en_US","og_type":"article","og_title":"Contact et demande d'informations SC Immobilier Equestre","og_description":"D\u00e9couvrez les coordonn\u00e9es de SC Immobilier Equestre. N'h\u00e9sitez pas \u00e0 nous faire part de votre projet d'achat ou de vente d'un bien \u00e9questre.","og_url":"https:\/\/www.sc-equestre.fr\/demande-d-informations-sc-immobilier-equestre\/","og_site_name":"SC Immobilier Equestre","article_modified_time":"2021-10-12T13:18:45+00:00","twitter_card":"summary_large_image","schema":{"@context":"https:\/\/schema.org","@graph":[{"@type":"WebPage","@id":"https:\/\/www.sc-equestre.fr\/demande-d-informations-sc-immobilier-equestre\/","url":"https:\/\/www.sc-equestre.fr\/demande-d-informations-sc-immobilier-equestre\/","name":"Contact et demande d'informations SC Immobilier Equestre","isPartOf":{"@id":"https:\/\/www.sc-equestre.fr\/#website"},"datePublished":"2021-02-02T10:14:55+00:00","dateModified":"2021-10-12T13:18:45+00:00","description":"D\u00e9couvrez les coordonn\u00e9es de SC Immobilier Equestre. N'h\u00e9sitez pas \u00e0 nous faire part de votre projet d'achat ou de vente d'un bien \u00e9questre.","inLanguage":"en-US","potentialAction":[{"@type":"ReadAction","target":["https:\/\/www.sc-equestre.fr\/demande-d-informations-sc-immobilier-equestre\/"]}]},{"@type":"WebSite","@id":"https:\/\/www.sc-equestre.fr\/#website","url":"https:\/\/www.sc-equestre.fr\/","name":"SC Immobilier Equestre","description":"","potentialAction":[{"@type":"SearchAction","target":{"@type":"EntryPoint","urlTemplate":"https:\/\/www.sc-equestre.fr\/?s={search_term_string}"},"query-input":{"@type":"PropertyValueSpecification","valueRequired":true,"valueName":"search_term_string"}}],"inLanguage":"en-US"}]}},"_links":{"self":[{"href":"https:\/\/www.sc-equestre.fr\/en\/wp-json\/wp\/v2\/pages\/5885","targetHints":{"allow":["GET"]}}],"collection":[{"href":"https:\/\/www.sc-equestre.fr\/en\/wp-json\/wp\/v2\/pages"}],"about":[{"href":"https:\/\/www.sc-equestre.fr\/en\/wp-json\/wp\/v2\/types\/page"}],"author":[{"embeddable":true,"href":"https:\/\/www.sc-equestre.fr\/en\/wp-json\/wp\/v2\/users\/2"}],"replies":[{"embeddable":true,"href":"https:\/\/www.sc-equestre.fr\/en\/wp-json\/wp\/v2\/comments?post=5885"}],"version-history":[{"count":6,"href":"https:\/\/www.sc-equestre.fr\/en\/wp-json\/wp\/v2\/pages\/5885\/revisions"}],"predecessor-version":[{"id":8674,"href":"https:\/\/www.sc-equestre.fr\/en\/wp-json\/wp\/v2\/pages\/5885\/revisions\/8674"}],"wp:attachment":[{"href":"https:\/\/www.sc-equestre.fr\/en\/wp-json\/wp\/v2\/media?parent=5885"}],"curies":[{"name":"wp","href":"https:\/\/api.w.org\/{rel}","templated":true}]}}