{"id":6256,"date":"2021-01-12T14:45:50","date_gmt":"2021-01-12T13:45:50","guid":{"rendered":"http:\/\/www.sc-equestre.fr\/?page_id=6256"},"modified":"2021-10-12T15:05:57","modified_gmt":"2021-10-12T13:05:57","slug":"blog-equestre-nouvelle-aquitaine","status":"publish","type":"page","link":"https:\/\/www.sc-equestre.fr\/en\/blog-equestre-nouvelle-aquitaine\/","title":{"rendered":"Blog"},"content":{"rendered":"","protected":false},"excerpt":{"rendered":"","protected":false},"author":2,"featured_media":0,"parent":0,"menu_order":9,"comment_status":"closed","ping_status":"closed","template":"template-listearticles.php","meta":{"_acf_changed":false,"footnotes":""},"class_list":["post-6256","page","type-page","status-publish","hentry"],"acf":[],"yoast_head":"<!-- This site is optimized with the Yoast SEO plugin v26.8 - https:\/\/yoast.com\/product\/yoast-seo-wordpress\/ -->\n<title>Ressources et bons plans sur les centres \u00e9questres en Nouvelle Aquitaine<\/title>\n<meta name=\"description\" content=\"D\u00e9couvrez toute une s\u00e9rie de ressources sur les centres \u00e9questres et bons plans dans le domaine hippique en Nouvelle Aquitaine.\" \/>\n<meta name=\"robots\" content=\"index, follow, max-snippet:-1, max-image-preview:large, max-video-preview:-1\" \/>\n<link rel=\"canonical\" href=\"https:\/\/www.sc-equestre.fr\/le-blog-equestre-nouvelle-aquitaine\/\" \/>\n<meta property=\"og:locale\" content=\"en_US\" \/>\n<meta property=\"og:type\" content=\"article\" \/>\n<meta property=\"og:title\" content=\"Ressources et bons plans sur les centres \u00e9questres en Nouvelle Aquitaine\" \/>\n<meta property=\"og:description\" content=\"D\u00e9couvrez toute une s\u00e9rie de ressources sur les centres \u00e9questres et bons plans dans le domaine hippique en Nouvelle Aquitaine.\" \/>\n<meta property=\"og:url\" content=\"https:\/\/www.sc-equestre.fr\/le-blog-equestre-nouvelle-aquitaine\/\" \/>\n<meta property=\"og:site_name\" content=\"SC Immobilier Equestre\" \/>\n<meta property=\"article:modified_time\" content=\"2021-10-12T13:05:57+00:00\" \/>\n<meta name=\"twitter:card\" content=\"summary_large_image\" \/>\n<script type=\"application\/ld+json\" class=\"yoast-schema-graph\">{\"@context\":\"https:\/\/schema.org\",\"@graph\":[{\"@type\":\"WebPage\",\"@id\":\"https:\/\/www.sc-equestre.fr\/le-blog-equestre-nouvelle-aquitaine\/\",\"url\":\"https:\/\/www.sc-equestre.fr\/le-blog-equestre-nouvelle-aquitaine\/\",\"name\":\"Ressources et bons plans sur les centres \u00e9questres en Nouvelle Aquitaine\",\"isPartOf\":{\"@id\":\"https:\/\/www.sc-equestre.fr\/#website\"},\"datePublished\":\"2021-01-12T13:45:50+00:00\",\"dateModified\":\"2021-10-12T13:05:57+00:00\",\"description\":\"D\u00e9couvrez toute une s\u00e9rie de ressources sur les centres \u00e9questres et bons plans dans le domaine hippique en Nouvelle Aquitaine.\",\"inLanguage\":\"en-US\",\"potentialAction\":[{\"@type\":\"ReadAction\",\"target\":[\"https:\/\/www.sc-equestre.fr\/le-blog-equestre-nouvelle-aquitaine\/\"]}]},{\"@type\":\"WebSite\",\"@id\":\"https:\/\/www.sc-equestre.fr\/#website\",\"url\":\"https:\/\/www.sc-equestre.fr\/\",\"name\":\"SC Immobilier Equestre\",\"description\":\"\",\"potentialAction\":[{\"@type\":\"SearchAction\",\"target\":{\"@type\":\"EntryPoint\",\"urlTemplate\":\"https:\/\/www.sc-equestre.fr\/?s={search_term_string}\"},\"query-input\":{\"@type\":\"PropertyValueSpecification\",\"valueRequired\":true,\"valueName\":\"search_term_string\"}}],\"inLanguage\":\"en-US\"}]}<\/script>\n<!-- \/ Yoast SEO plugin. -->","yoast_head_json":{"title":"Ressources et bons plans sur les centres \u00e9questres en Nouvelle Aquitaine","description":"D\u00e9couvrez toute une s\u00e9rie de ressources sur les centres \u00e9questres et bons plans dans le domaine hippique en Nouvelle Aquitaine.","robots":{"index":"index","follow":"follow","max-snippet":"max-snippet:-1","max-image-preview":"max-image-preview:large","max-video-preview":"max-video-preview:-1"},"canonical":"https:\/\/www.sc-equestre.fr\/le-blog-equestre-nouvelle-aquitaine\/","og_locale":"en_US","og_type":"article","og_title":"Ressources et bons plans sur les centres \u00e9questres en Nouvelle Aquitaine","og_description":"D\u00e9couvrez toute une s\u00e9rie de ressources sur les centres \u00e9questres et bons plans dans le domaine hippique en Nouvelle Aquitaine.","og_url":"https:\/\/www.sc-equestre.fr\/le-blog-equestre-nouvelle-aquitaine\/","og_site_name":"SC Immobilier Equestre","article_modified_time":"2021-10-12T13:05:57+00:00","twitter_card":"summary_large_image","schema":{"@context":"https:\/\/schema.org","@graph":[{"@type":"WebPage","@id":"https:\/\/www.sc-equestre.fr\/le-blog-equestre-nouvelle-aquitaine\/","url":"https:\/\/www.sc-equestre.fr\/le-blog-equestre-nouvelle-aquitaine\/","name":"Ressources et bons plans sur les centres \u00e9questres en Nouvelle Aquitaine","isPartOf":{"@id":"https:\/\/www.sc-equestre.fr\/#website"},"datePublished":"2021-01-12T13:45:50+00:00","dateModified":"2021-10-12T13:05:57+00:00","description":"D\u00e9couvrez toute une s\u00e9rie de ressources sur les centres \u00e9questres et bons plans dans le domaine hippique en Nouvelle Aquitaine.","inLanguage":"en-US","potentialAction":[{"@type":"ReadAction","target":["https:\/\/www.sc-equestre.fr\/le-blog-equestre-nouvelle-aquitaine\/"]}]},{"@type":"WebSite","@id":"https:\/\/www.sc-equestre.fr\/#website","url":"https:\/\/www.sc-equestre.fr\/","name":"SC Immobilier Equestre","description":"","potentialAction":[{"@type":"SearchAction","target":{"@type":"EntryPoint","urlTemplate":"https:\/\/www.sc-equestre.fr\/?s={search_term_string}"},"query-input":{"@type":"PropertyValueSpecification","valueRequired":true,"valueName":"search_term_string"}}],"inLanguage":"en-US"}]}},"_links":{"self":[{"href":"https:\/\/www.sc-equestre.fr\/en\/wp-json\/wp\/v2\/pages\/6256","targetHints":{"allow":["GET"]}}],"collection":[{"href":"https:\/\/www.sc-equestre.fr\/en\/wp-json\/wp\/v2\/pages"}],"about":[{"href":"https:\/\/www.sc-equestre.fr\/en\/wp-json\/wp\/v2\/types\/page"}],"author":[{"embeddable":true,"href":"https:\/\/www.sc-equestre.fr\/en\/wp-json\/wp\/v2\/users\/2"}],"replies":[{"embeddable":true,"href":"https:\/\/www.sc-equestre.fr\/en\/wp-json\/wp\/v2\/comments?post=6256"}],"version-history":[{"count":3,"href":"https:\/\/www.sc-equestre.fr\/en\/wp-json\/wp\/v2\/pages\/6256\/revisions"}],"predecessor-version":[{"id":8665,"href":"https:\/\/www.sc-equestre.fr\/en\/wp-json\/wp\/v2\/pages\/6256\/revisions\/8665"}],"wp:attachment":[{"href":"https:\/\/www.sc-equestre.fr\/en\/wp-json\/wp\/v2\/media?parent=6256"}],"curies":[{"name":"wp","href":"https:\/\/api.w.org\/{rel}","templated":true}]}}