{"id":6935,"date":"2021-02-23T10:05:39","date_gmt":"2021-02-23T09:05:39","guid":{"rendered":"http:\/\/www.sc-equestre.fr\/pourquoilexclusivite\/"},"modified":"2021-10-12T15:07:55","modified_gmt":"2021-10-12T13:07:55","slug":"the-advantage-of-an-exclusive-mandate-sc-immo-equestre","status":"publish","type":"page","link":"https:\/\/www.sc-equestre.fr\/en\/the-advantage-of-an-exclusive-mandate-sc-immo-equestre\/","title":{"rendered":"The advantage of an exclusive mandate"},"content":{"rendered":"","protected":false},"excerpt":{"rendered":"","protected":false},"author":2,"featured_media":0,"parent":0,"menu_order":16,"comment_status":"closed","ping_status":"closed","template":"template-pourquoi-exclu.php","meta":{"_acf_changed":false,"footnotes":""},"class_list":["post-6935","page","type-page","status-publish","hentry"],"acf":[],"yoast_head":"<!-- This site is optimized with the Yoast SEO plugin v26.8 - https:\/\/yoast.com\/product\/yoast-seo-wordpress\/ -->\n<title>Pourquoi confier en exclusivit\u00e9 un bien \u00e9questre \u00e0 SC Immobilier Equestre<\/title>\n<meta name=\"description\" content=\"Dans le cadre de l&#039;exclusivit\u00e9, nous mettons en \u0153uvre des moyens sp\u00e9cifiques et un suivi personnalis\u00e9 , pour valoriser votre bien immobilier.\" \/>\n<meta name=\"robots\" content=\"index, follow, max-snippet:-1, max-image-preview:large, max-video-preview:-1\" \/>\n<link rel=\"canonical\" href=\"https:\/\/www.sc-equestre.fr\/pourquoi-l-exclusivite-sc-immo-equestre\/\" \/>\n<meta property=\"og:locale\" content=\"en_US\" \/>\n<meta property=\"og:type\" content=\"article\" \/>\n<meta property=\"og:title\" content=\"Pourquoi confier en exclusivit\u00e9 un bien \u00e9questre \u00e0 SC Immobilier Equestre\" \/>\n<meta property=\"og:description\" content=\"Dans le cadre de l&#039;exclusivit\u00e9, nous mettons en \u0153uvre des moyens sp\u00e9cifiques et un suivi personnalis\u00e9 , pour valoriser votre bien immobilier.\" \/>\n<meta property=\"og:url\" content=\"https:\/\/www.sc-equestre.fr\/pourquoi-l-exclusivite-sc-immo-equestre\/\" \/>\n<meta property=\"og:site_name\" content=\"SC Immobilier Equestre\" \/>\n<meta property=\"article:modified_time\" content=\"2021-10-12T13:07:55+00:00\" \/>\n<meta name=\"twitter:card\" content=\"summary_large_image\" \/>\n<script type=\"application\/ld+json\" class=\"yoast-schema-graph\">{\"@context\":\"https:\/\/schema.org\",\"@graph\":[{\"@type\":\"WebPage\",\"@id\":\"https:\/\/www.sc-equestre.fr\/pourquoi-l-exclusivite-sc-immo-equestre\/\",\"url\":\"https:\/\/www.sc-equestre.fr\/pourquoi-l-exclusivite-sc-immo-equestre\/\",\"name\":\"Pourquoi confier en exclusivit\u00e9 un bien \u00e9questre \u00e0 SC Immobilier Equestre\",\"isPartOf\":{\"@id\":\"https:\/\/www.sc-equestre.fr\/#website\"},\"datePublished\":\"2021-02-23T09:05:39+00:00\",\"dateModified\":\"2021-10-12T13:07:55+00:00\",\"description\":\"Dans le cadre de l'exclusivit\u00e9, nous mettons en \u0153uvre des moyens sp\u00e9cifiques et un suivi personnalis\u00e9 , pour valoriser votre bien immobilier.\",\"inLanguage\":\"en-US\",\"potentialAction\":[{\"@type\":\"ReadAction\",\"target\":[\"https:\/\/www.sc-equestre.fr\/pourquoi-l-exclusivite-sc-immo-equestre\/\"]}]},{\"@type\":\"WebSite\",\"@id\":\"https:\/\/www.sc-equestre.fr\/#website\",\"url\":\"https:\/\/www.sc-equestre.fr\/\",\"name\":\"SC Immobilier Equestre\",\"description\":\"\",\"potentialAction\":[{\"@type\":\"SearchAction\",\"target\":{\"@type\":\"EntryPoint\",\"urlTemplate\":\"https:\/\/www.sc-equestre.fr\/?s={search_term_string}\"},\"query-input\":{\"@type\":\"PropertyValueSpecification\",\"valueRequired\":true,\"valueName\":\"search_term_string\"}}],\"inLanguage\":\"en-US\"}]}<\/script>\n<!-- \/ Yoast SEO plugin. -->","yoast_head_json":{"title":"Pourquoi confier en exclusivit\u00e9 un bien \u00e9questre \u00e0 SC Immobilier Equestre","description":"Dans le cadre de l'exclusivit\u00e9, nous mettons en \u0153uvre des moyens sp\u00e9cifiques et un suivi personnalis\u00e9 , pour valoriser votre bien immobilier.","robots":{"index":"index","follow":"follow","max-snippet":"max-snippet:-1","max-image-preview":"max-image-preview:large","max-video-preview":"max-video-preview:-1"},"canonical":"https:\/\/www.sc-equestre.fr\/pourquoi-l-exclusivite-sc-immo-equestre\/","og_locale":"en_US","og_type":"article","og_title":"Pourquoi confier en exclusivit\u00e9 un bien \u00e9questre \u00e0 SC Immobilier Equestre","og_description":"Dans le cadre de l'exclusivit\u00e9, nous mettons en \u0153uvre des moyens sp\u00e9cifiques et un suivi personnalis\u00e9 , pour valoriser votre bien immobilier.","og_url":"https:\/\/www.sc-equestre.fr\/pourquoi-l-exclusivite-sc-immo-equestre\/","og_site_name":"SC Immobilier Equestre","article_modified_time":"2021-10-12T13:07:55+00:00","twitter_card":"summary_large_image","schema":{"@context":"https:\/\/schema.org","@graph":[{"@type":"WebPage","@id":"https:\/\/www.sc-equestre.fr\/pourquoi-l-exclusivite-sc-immo-equestre\/","url":"https:\/\/www.sc-equestre.fr\/pourquoi-l-exclusivite-sc-immo-equestre\/","name":"Pourquoi confier en exclusivit\u00e9 un bien \u00e9questre \u00e0 SC Immobilier Equestre","isPartOf":{"@id":"https:\/\/www.sc-equestre.fr\/#website"},"datePublished":"2021-02-23T09:05:39+00:00","dateModified":"2021-10-12T13:07:55+00:00","description":"Dans le cadre de l'exclusivit\u00e9, nous mettons en \u0153uvre des moyens sp\u00e9cifiques et un suivi personnalis\u00e9 , pour valoriser votre bien immobilier.","inLanguage":"en-US","potentialAction":[{"@type":"ReadAction","target":["https:\/\/www.sc-equestre.fr\/pourquoi-l-exclusivite-sc-immo-equestre\/"]}]},{"@type":"WebSite","@id":"https:\/\/www.sc-equestre.fr\/#website","url":"https:\/\/www.sc-equestre.fr\/","name":"SC Immobilier Equestre","description":"","potentialAction":[{"@type":"SearchAction","target":{"@type":"EntryPoint","urlTemplate":"https:\/\/www.sc-equestre.fr\/?s={search_term_string}"},"query-input":{"@type":"PropertyValueSpecification","valueRequired":true,"valueName":"search_term_string"}}],"inLanguage":"en-US"}]}},"_links":{"self":[{"href":"https:\/\/www.sc-equestre.fr\/en\/wp-json\/wp\/v2\/pages\/6935","targetHints":{"allow":["GET"]}}],"collection":[{"href":"https:\/\/www.sc-equestre.fr\/en\/wp-json\/wp\/v2\/pages"}],"about":[{"href":"https:\/\/www.sc-equestre.fr\/en\/wp-json\/wp\/v2\/types\/page"}],"author":[{"embeddable":true,"href":"https:\/\/www.sc-equestre.fr\/en\/wp-json\/wp\/v2\/users\/2"}],"replies":[{"embeddable":true,"href":"https:\/\/www.sc-equestre.fr\/en\/wp-json\/wp\/v2\/comments?post=6935"}],"version-history":[{"count":8,"href":"https:\/\/www.sc-equestre.fr\/en\/wp-json\/wp\/v2\/pages\/6935\/revisions"}],"predecessor-version":[{"id":8667,"href":"https:\/\/www.sc-equestre.fr\/en\/wp-json\/wp\/v2\/pages\/6935\/revisions\/8667"}],"wp:attachment":[{"href":"https:\/\/www.sc-equestre.fr\/en\/wp-json\/wp\/v2\/media?parent=6935"}],"curies":[{"name":"wp","href":"https:\/\/api.w.org\/{rel}","templated":true}]}}