{"id":6941,"date":"2021-01-20T10:40:54","date_gmt":"2021-01-20T09:40:54","guid":{"rendered":"http:\/\/www.sc-equestre.fr\/nos-bien-vendus\/"},"modified":"2021-10-12T15:04:48","modified_gmt":"2021-10-12T13:04:48","slug":"our-properties-sold","status":"publish","type":"page","link":"https:\/\/www.sc-equestre.fr\/en\/our-properties-sold\/","title":{"rendered":"Our properties sold"},"content":{"rendered":"","protected":false},"excerpt":{"rendered":"","protected":false},"author":2,"featured_media":0,"parent":0,"menu_order":5,"comment_status":"closed","ping_status":"closed","template":"template-biensvendus.php","meta":{"_acf_changed":false,"footnotes":""},"class_list":["post-6941","page","type-page","status-publish","hentry"],"acf":[],"yoast_head":"<!-- This site is optimized with the Yoast SEO plugin v26.8 - https:\/\/yoast.com\/product\/yoast-seo-wordpress\/ -->\n<title>Biens et propri\u00e9t\u00e9s \u00e9questres vendus par SC Immobilier \u00e9questre<\/title>\n<meta name=\"description\" content=\"D\u00e9couvrez les biens, centres et propri\u00e9t\u00e9s \u00e9questres vendus par SC Immobilier \u00e9questre, le sp\u00e9cialiste de l\u2019Immobilier Equestre.\" \/>\n<meta name=\"robots\" content=\"index, follow, max-snippet:-1, max-image-preview:large, max-video-preview:-1\" \/>\n<link rel=\"canonical\" href=\"https:\/\/www.sc-equestre.fr\/proprietes-equestres-vendus-sc-immobilier-equestre\/\" \/>\n<meta property=\"og:locale\" content=\"en_US\" \/>\n<meta property=\"og:type\" content=\"article\" \/>\n<meta property=\"og:title\" content=\"Biens et propri\u00e9t\u00e9s \u00e9questres vendus par SC Immobilier \u00e9questre\" \/>\n<meta property=\"og:description\" content=\"D\u00e9couvrez les biens, centres et propri\u00e9t\u00e9s \u00e9questres vendus par SC Immobilier \u00e9questre, le sp\u00e9cialiste de l\u2019Immobilier Equestre.\" \/>\n<meta property=\"og:url\" content=\"https:\/\/www.sc-equestre.fr\/proprietes-equestres-vendus-sc-immobilier-equestre\/\" \/>\n<meta property=\"og:site_name\" content=\"SC Immobilier Equestre\" \/>\n<meta property=\"article:modified_time\" content=\"2021-10-12T13:04:48+00:00\" \/>\n<meta name=\"twitter:card\" content=\"summary_large_image\" \/>\n<script type=\"application\/ld+json\" class=\"yoast-schema-graph\">{\"@context\":\"https:\/\/schema.org\",\"@graph\":[{\"@type\":\"WebPage\",\"@id\":\"https:\/\/www.sc-equestre.fr\/proprietes-equestres-vendus-sc-immobilier-equestre\/\",\"url\":\"https:\/\/www.sc-equestre.fr\/proprietes-equestres-vendus-sc-immobilier-equestre\/\",\"name\":\"Biens et propri\u00e9t\u00e9s \u00e9questres vendus par SC Immobilier \u00e9questre\",\"isPartOf\":{\"@id\":\"https:\/\/www.sc-equestre.fr\/#website\"},\"datePublished\":\"2021-01-20T09:40:54+00:00\",\"dateModified\":\"2021-10-12T13:04:48+00:00\",\"description\":\"D\u00e9couvrez les biens, centres et propri\u00e9t\u00e9s \u00e9questres vendus par SC Immobilier \u00e9questre, le sp\u00e9cialiste de l\u2019Immobilier Equestre.\",\"inLanguage\":\"en-US\",\"potentialAction\":[{\"@type\":\"ReadAction\",\"target\":[\"https:\/\/www.sc-equestre.fr\/proprietes-equestres-vendus-sc-immobilier-equestre\/\"]}]},{\"@type\":\"WebSite\",\"@id\":\"https:\/\/www.sc-equestre.fr\/#website\",\"url\":\"https:\/\/www.sc-equestre.fr\/\",\"name\":\"SC Immobilier Equestre\",\"description\":\"\",\"potentialAction\":[{\"@type\":\"SearchAction\",\"target\":{\"@type\":\"EntryPoint\",\"urlTemplate\":\"https:\/\/www.sc-equestre.fr\/?s={search_term_string}\"},\"query-input\":{\"@type\":\"PropertyValueSpecification\",\"valueRequired\":true,\"valueName\":\"search_term_string\"}}],\"inLanguage\":\"en-US\"}]}<\/script>\n<!-- \/ Yoast SEO plugin. -->","yoast_head_json":{"title":"Biens et propri\u00e9t\u00e9s \u00e9questres vendus par SC Immobilier \u00e9questre","description":"D\u00e9couvrez les biens, centres et propri\u00e9t\u00e9s \u00e9questres vendus par SC Immobilier \u00e9questre, le sp\u00e9cialiste de l\u2019Immobilier Equestre.","robots":{"index":"index","follow":"follow","max-snippet":"max-snippet:-1","max-image-preview":"max-image-preview:large","max-video-preview":"max-video-preview:-1"},"canonical":"https:\/\/www.sc-equestre.fr\/proprietes-equestres-vendus-sc-immobilier-equestre\/","og_locale":"en_US","og_type":"article","og_title":"Biens et propri\u00e9t\u00e9s \u00e9questres vendus par SC Immobilier \u00e9questre","og_description":"D\u00e9couvrez les biens, centres et propri\u00e9t\u00e9s \u00e9questres vendus par SC Immobilier \u00e9questre, le sp\u00e9cialiste de l\u2019Immobilier Equestre.","og_url":"https:\/\/www.sc-equestre.fr\/proprietes-equestres-vendus-sc-immobilier-equestre\/","og_site_name":"SC Immobilier Equestre","article_modified_time":"2021-10-12T13:04:48+00:00","twitter_card":"summary_large_image","schema":{"@context":"https:\/\/schema.org","@graph":[{"@type":"WebPage","@id":"https:\/\/www.sc-equestre.fr\/proprietes-equestres-vendus-sc-immobilier-equestre\/","url":"https:\/\/www.sc-equestre.fr\/proprietes-equestres-vendus-sc-immobilier-equestre\/","name":"Biens et propri\u00e9t\u00e9s \u00e9questres vendus par SC Immobilier \u00e9questre","isPartOf":{"@id":"https:\/\/www.sc-equestre.fr\/#website"},"datePublished":"2021-01-20T09:40:54+00:00","dateModified":"2021-10-12T13:04:48+00:00","description":"D\u00e9couvrez les biens, centres et propri\u00e9t\u00e9s \u00e9questres vendus par SC Immobilier \u00e9questre, le sp\u00e9cialiste de l\u2019Immobilier Equestre.","inLanguage":"en-US","potentialAction":[{"@type":"ReadAction","target":["https:\/\/www.sc-equestre.fr\/proprietes-equestres-vendus-sc-immobilier-equestre\/"]}]},{"@type":"WebSite","@id":"https:\/\/www.sc-equestre.fr\/#website","url":"https:\/\/www.sc-equestre.fr\/","name":"SC Immobilier Equestre","description":"","potentialAction":[{"@type":"SearchAction","target":{"@type":"EntryPoint","urlTemplate":"https:\/\/www.sc-equestre.fr\/?s={search_term_string}"},"query-input":{"@type":"PropertyValueSpecification","valueRequired":true,"valueName":"search_term_string"}}],"inLanguage":"en-US"}]}},"_links":{"self":[{"href":"https:\/\/www.sc-equestre.fr\/en\/wp-json\/wp\/v2\/pages\/6941","targetHints":{"allow":["GET"]}}],"collection":[{"href":"https:\/\/www.sc-equestre.fr\/en\/wp-json\/wp\/v2\/pages"}],"about":[{"href":"https:\/\/www.sc-equestre.fr\/en\/wp-json\/wp\/v2\/types\/page"}],"author":[{"embeddable":true,"href":"https:\/\/www.sc-equestre.fr\/en\/wp-json\/wp\/v2\/users\/2"}],"replies":[{"embeddable":true,"href":"https:\/\/www.sc-equestre.fr\/en\/wp-json\/wp\/v2\/comments?post=6941"}],"version-history":[{"count":4,"href":"https:\/\/www.sc-equestre.fr\/en\/wp-json\/wp\/v2\/pages\/6941\/revisions"}],"predecessor-version":[{"id":8664,"href":"https:\/\/www.sc-equestre.fr\/en\/wp-json\/wp\/v2\/pages\/6941\/revisions\/8664"}],"wp:attachment":[{"href":"https:\/\/www.sc-equestre.fr\/en\/wp-json\/wp\/v2\/media?parent=6941"}],"curies":[{"name":"wp","href":"https:\/\/api.w.org\/{rel}","templated":true}]}}