{"id":6944,"date":"2021-01-22T10:56:47","date_gmt":"2021-01-22T09:56:47","guid":{"rendered":"http:\/\/www.sc-equestre.fr\/creer-une-alerte\/"},"modified":"2021-10-12T15:15:06","modified_gmt":"2021-10-12T13:15:06","slug":"create-an-alert","status":"publish","type":"page","link":"https:\/\/www.sc-equestre.fr\/en\/create-an-alert\/","title":{"rendered":"Create an alert"},"content":{"rendered":"","protected":false},"excerpt":{"rendered":"","protected":false},"author":2,"featured_media":0,"parent":0,"menu_order":4,"comment_status":"closed","ping_status":"closed","template":"template-creer-alerte.php","meta":{"_acf_changed":false,"footnotes":""},"class_list":["post-6944","page","type-page","status-publish","hentry"],"acf":[],"yoast_head":"<!-- This site is optimized with the Yoast SEO plugin v26.8 - https:\/\/yoast.com\/product\/yoast-seo-wordpress\/ -->\n<title>Cr\u00e9er une alerte pour recevoir les nouveaux biens \u00e9questres mis en vente<\/title>\n<meta name=\"description\" content=\"S\u00e9lectionnez les biens recherch\u00e9s et inscrivez votre mail pour recevoir tous les nouveaux biens \u00e9questres qui correspondent \u00e0 votre recherche\" \/>\n<meta name=\"robots\" content=\"index, follow, max-snippet:-1, max-image-preview:large, max-video-preview:-1\" \/>\n<link rel=\"canonical\" href=\"https:\/\/www.sc-equestre.fr\/creer-une-alerte-biens-equestres\/\" \/>\n<meta property=\"og:locale\" content=\"en_US\" \/>\n<meta property=\"og:type\" content=\"article\" \/>\n<meta property=\"og:title\" content=\"Cr\u00e9er une alerte pour recevoir les nouveaux biens \u00e9questres mis en vente\" \/>\n<meta property=\"og:description\" content=\"S\u00e9lectionnez les biens recherch\u00e9s et inscrivez votre mail pour recevoir tous les nouveaux biens \u00e9questres qui correspondent \u00e0 votre recherche\" \/>\n<meta property=\"og:url\" content=\"https:\/\/www.sc-equestre.fr\/creer-une-alerte-biens-equestres\/\" \/>\n<meta property=\"og:site_name\" content=\"SC Immobilier Equestre\" \/>\n<meta property=\"article:modified_time\" content=\"2021-10-12T13:15:06+00:00\" \/>\n<meta name=\"twitter:card\" content=\"summary_large_image\" \/>\n<script type=\"application\/ld+json\" class=\"yoast-schema-graph\">{\"@context\":\"https:\/\/schema.org\",\"@graph\":[{\"@type\":\"WebPage\",\"@id\":\"https:\/\/www.sc-equestre.fr\/creer-une-alerte-biens-equestres\/\",\"url\":\"https:\/\/www.sc-equestre.fr\/creer-une-alerte-biens-equestres\/\",\"name\":\"Cr\u00e9er une alerte pour recevoir les nouveaux biens \u00e9questres mis en vente\",\"isPartOf\":{\"@id\":\"https:\/\/www.sc-equestre.fr\/#website\"},\"datePublished\":\"2021-01-22T09:56:47+00:00\",\"dateModified\":\"2021-10-12T13:15:06+00:00\",\"description\":\"S\u00e9lectionnez les biens recherch\u00e9s et inscrivez votre mail pour recevoir tous les nouveaux biens \u00e9questres qui correspondent \u00e0 votre recherche\",\"inLanguage\":\"en-US\",\"potentialAction\":[{\"@type\":\"ReadAction\",\"target\":[\"https:\/\/www.sc-equestre.fr\/creer-une-alerte-biens-equestres\/\"]}]},{\"@type\":\"WebSite\",\"@id\":\"https:\/\/www.sc-equestre.fr\/#website\",\"url\":\"https:\/\/www.sc-equestre.fr\/\",\"name\":\"SC Immobilier Equestre\",\"description\":\"\",\"potentialAction\":[{\"@type\":\"SearchAction\",\"target\":{\"@type\":\"EntryPoint\",\"urlTemplate\":\"https:\/\/www.sc-equestre.fr\/?s={search_term_string}\"},\"query-input\":{\"@type\":\"PropertyValueSpecification\",\"valueRequired\":true,\"valueName\":\"search_term_string\"}}],\"inLanguage\":\"en-US\"}]}<\/script>\n<!-- \/ Yoast SEO plugin. -->","yoast_head_json":{"title":"Cr\u00e9er une alerte pour recevoir les nouveaux biens \u00e9questres mis en vente","description":"S\u00e9lectionnez les biens recherch\u00e9s et inscrivez votre mail pour recevoir tous les nouveaux biens \u00e9questres qui correspondent \u00e0 votre recherche","robots":{"index":"index","follow":"follow","max-snippet":"max-snippet:-1","max-image-preview":"max-image-preview:large","max-video-preview":"max-video-preview:-1"},"canonical":"https:\/\/www.sc-equestre.fr\/creer-une-alerte-biens-equestres\/","og_locale":"en_US","og_type":"article","og_title":"Cr\u00e9er une alerte pour recevoir les nouveaux biens \u00e9questres mis en vente","og_description":"S\u00e9lectionnez les biens recherch\u00e9s et inscrivez votre mail pour recevoir tous les nouveaux biens \u00e9questres qui correspondent \u00e0 votre recherche","og_url":"https:\/\/www.sc-equestre.fr\/creer-une-alerte-biens-equestres\/","og_site_name":"SC Immobilier Equestre","article_modified_time":"2021-10-12T13:15:06+00:00","twitter_card":"summary_large_image","schema":{"@context":"https:\/\/schema.org","@graph":[{"@type":"WebPage","@id":"https:\/\/www.sc-equestre.fr\/creer-une-alerte-biens-equestres\/","url":"https:\/\/www.sc-equestre.fr\/creer-une-alerte-biens-equestres\/","name":"Cr\u00e9er une alerte pour recevoir les nouveaux biens \u00e9questres mis en vente","isPartOf":{"@id":"https:\/\/www.sc-equestre.fr\/#website"},"datePublished":"2021-01-22T09:56:47+00:00","dateModified":"2021-10-12T13:15:06+00:00","description":"S\u00e9lectionnez les biens recherch\u00e9s et inscrivez votre mail pour recevoir tous les nouveaux biens \u00e9questres qui correspondent \u00e0 votre recherche","inLanguage":"en-US","potentialAction":[{"@type":"ReadAction","target":["https:\/\/www.sc-equestre.fr\/creer-une-alerte-biens-equestres\/"]}]},{"@type":"WebSite","@id":"https:\/\/www.sc-equestre.fr\/#website","url":"https:\/\/www.sc-equestre.fr\/","name":"SC Immobilier Equestre","description":"","potentialAction":[{"@type":"SearchAction","target":{"@type":"EntryPoint","urlTemplate":"https:\/\/www.sc-equestre.fr\/?s={search_term_string}"},"query-input":{"@type":"PropertyValueSpecification","valueRequired":true,"valueName":"search_term_string"}}],"inLanguage":"en-US"}]}},"_links":{"self":[{"href":"https:\/\/www.sc-equestre.fr\/en\/wp-json\/wp\/v2\/pages\/6944","targetHints":{"allow":["GET"]}}],"collection":[{"href":"https:\/\/www.sc-equestre.fr\/en\/wp-json\/wp\/v2\/pages"}],"about":[{"href":"https:\/\/www.sc-equestre.fr\/en\/wp-json\/wp\/v2\/types\/page"}],"author":[{"embeddable":true,"href":"https:\/\/www.sc-equestre.fr\/en\/wp-json\/wp\/v2\/users\/2"}],"replies":[{"embeddable":true,"href":"https:\/\/www.sc-equestre.fr\/en\/wp-json\/wp\/v2\/comments?post=6944"}],"version-history":[{"count":5,"href":"https:\/\/www.sc-equestre.fr\/en\/wp-json\/wp\/v2\/pages\/6944\/revisions"}],"predecessor-version":[{"id":8535,"href":"https:\/\/www.sc-equestre.fr\/en\/wp-json\/wp\/v2\/pages\/6944\/revisions\/8535"}],"wp:attachment":[{"href":"https:\/\/www.sc-equestre.fr\/en\/wp-json\/wp\/v2\/media?parent=6944"}],"curies":[{"name":"wp","href":"https:\/\/api.w.org\/{rel}","templated":true}]}}